{"id":60,"date":"2016-11-04T13:44:13","date_gmt":"2016-11-04T12:44:13","guid":{"rendered":"http:\/\/jenuka.de\/?page_id=60"},"modified":"2022-11-07T13:33:53","modified_gmt":"2022-11-07T12:33:53","slug":"gebaeudebestand","status":"publish","type":"page","link":"https:\/\/jenuka.de\/?page_id=60","title":{"rendered":"Geb\u00e4udebestand"},"content":{"rendered":"\n<figure class=\"wp-block-image size-large\"><img decoding=\"async\" loading=\"lazy\" width=\"1024\" height=\"681\" src=\"https:\/\/jenuka.de\/wp-content\/uploads\/2022\/11\/AdobeStock_359683295-1024x681.jpeg\" alt=\"Adobe Stock\" class=\"wp-image-308\" srcset=\"https:\/\/jenuka.de\/wp-content\/uploads\/2022\/11\/AdobeStock_359683295-1024x681.jpeg 1024w, https:\/\/jenuka.de\/wp-content\/uploads\/2022\/11\/AdobeStock_359683295-300x200.jpeg 300w, https:\/\/jenuka.de\/wp-content\/uploads\/2022\/11\/AdobeStock_359683295-768x511.jpeg 768w, https:\/\/jenuka.de\/wp-content\/uploads\/2022\/11\/AdobeStock_359683295-1536x1022.jpeg 1536w, https:\/\/jenuka.de\/wp-content\/uploads\/2022\/11\/AdobeStock_359683295-2048x1363.jpeg 2048w\" sizes=\"(max-width: 1024px) 100vw, 1024px\" \/><\/figure>\n\n\n<h2><span style=\"color: #5a74b0;\"><b> Sanierung, Modernisierung, Instandhaltung<\/b><\/span><\/h2>\n<h3><strong>Hier geht es um Bauen im Bestand in jeder Auspr\u00e4gung, gegebenenfalls bei laufendem Betrieb oder in bewohnten Wohnungen &#8230;\u00a0<\/strong><\/h3>\n<h3>\u00a0<\/h3>\n<h3><b>Sanierung und Renovierung\u00a0<\/b><\/h3>\n<p><strong>von Altbauten hinsichtlich des Bauk\u00f6rpers:<\/strong><\/p>\n<ul>\n<li>Keller, W\u00e4nde, Fenster, T\u00fcren, Treppenl\u00e4ufe, Dach, &#8230; &#8211; innen und au\u00dfen<\/li>\n<li>&#8230;oder der Haustechnik: Wasser, Strom, Gas, Telekommunikationsleitungen zum Geb\u00e4ude und im Geb\u00e4ude,&#8230;<\/li>\n<li>Wo ist Ihr Geld gut angelegt, und wo kann gespart werden?<\/li>\n<li>Lohnt eine Reparatur, oder ist eine Erneuerung der g\u00fcnstigere Weg?<\/li>\n<li>Wof\u00fcr brauche ich einen Handwerker, was kann ich selber machen?<\/li>\n<li>Worauf muss ich bei der Beauftragung einer Firma achten? Welche Leistung muss ich annehmen? Muss nachgebessert werden? Welche Fristen muss ich beachten?<\/li>\n<\/ul>\n<p><strong>Es lohnt eine Pr\u00fcfung, ob durch Kombination mit Modernisierungsma\u00dfnahmen oder Ma\u00dfnahmen f\u00fcr weniger bauliche Barrieren F\u00f6rdermittel oder &#8211; f\u00fcr nicht selbstgenutztes Wohneigentum &#8211; Mieterh\u00f6hungen zur Refinanzierung herangezogen werden k\u00f6nnen. Auch Mieter k\u00f6nnen Mittel f\u00fcr Umbauten in Wohnungen beantragen!<\/strong><\/p>\n<h3><strong>Modernisierung<\/strong><\/h3>\n<ul>\n<li>Sind die von Ihnen vorgesehenen \u00c4nderungen als Mieterh\u00f6hung refinanzierbar?<\/li>\n<li>Welche weiteren Ma\u00dfnahmen sind in diesem Zusammenhang sinnvoll?<\/li>\n<li>Ist Ihnen als Bauherr eine Koordinationspflicht nach Baustellenverodnung auferlegt?<\/li>\n<li>M\u00f6chten Sie einen SiGeKo bestellen?<\/li>\n<\/ul>\n<p><strong>Aus Alt mach Neu? Modernisierung meint mehr als das.<\/strong><\/p>\n<p><strong>Ein Blick ins B\u00fcrgerliche Gesetzbuch hilft:<\/strong><\/p>\n<blockquote>\n<p>&#8222;\u00a7 559\u00a0Mieterh\u00f6hung bei Modernisierung<span class=\"Apple-converted-space\">\u00a0<\/span><\/p>\n<p>(1) Hat der Vermieter bauliche Ma\u00dfnahmen durchgef\u00fchrt, die den Gebrauchswert der Mietsache nachhaltig erh\u00f6hen, die allgemeinen Wohnverh\u00e4ltnisse auf Dauer verbessern\u00a0oder nachhaltig Einsparungen von Energie oder Wasser bewirken\u00a0(Modernisierung), oder hat er andere bauliche Ma\u00dfnahmen auf Grund von Umst\u00e4nden durchgef\u00fchrt, die er nicht zu vertreten hat, so kann er die j\u00e4hrliche Miete um 11 vom Hundert der f\u00fcr die Wohnung aufgewendeten Kosten erh\u00f6hen.&#8220;<\/p>\n<\/blockquote>\n<p>Obwohl in diesem Falle auf Vermietung bezogen, gibt diese Definition einen guten Eindruck, worum es inhaltlich bei Modernisierungsma\u00dfnahmen geht:\u00a0Aus etwas Altem muss also nicht nur etwas Neues gemacht werden, sondern etwas Besseres! Die Kosten f\u00fcr die Verbesserung sind als Modernisierungskosten refinanzierbar und f\u00f6rderf\u00e4hig.<\/p>\n<p>Die Kreditanstalt f\u00fcr Wiederaufbau (KfW) f\u00f6rdert zum Beispiel derartige Projekte f\u00fcr Wohnraum-Eigent\u00fcmer und -Mieter, auch in Zusammenhang mit dem Erwerb von Wohnimmobilien oder mit anderen Bauma\u00dfnahmen.<\/p>\n<p>Im Falle von Mietverh\u00e4ltnissen sei darauf hingewiesen, dass Mieter beachtliche Rechte zum Beispiel hinsichtlich Ank\u00fcndigung und Darlegung der Art, des Umfangs und\u00a0der Ausf\u00fchrungsdauer der Ma\u00dfnahmen sowie der zu erwartenden Mieterh\u00f6hung haben. Wer derartige Ma\u00dfnahmen\u00a0plant, wendet sich am besten an einen Fachmann, um Anspr\u00fcche rechtssicher geltend zu machen.<\/p>\n<p>F\u00fcr Bauherren und Nutzer eine besondere Situation, die f\u00fcr alle Seiten transparent gestaltet werden kann. So werden Konflikte vermieden. Zum Beispiel durch die Einbeziehung\u00a0 von Eigent\u00fcmern und Mietern in die Planung von Bauabl\u00e4ufen und Zeitpl\u00e4nen\u00a0 &#8211; soweit technisch machbar &#8211; als Zeichen des Entgegenkommens und zur Verhinderung von Mietminderungen. Oft gen\u00fcgt es, eine Ma\u00dfnahme umsichtig zu planen.<\/p>\n<p>G\u00e4ngige Modernisierungsma\u00dfnahmen erh\u00f6hen den\u00a0Gebrauchswert einer Immobilie nachhaltig und dienen der dauerhaften Verbesserung der allgemeinen Wohnverh\u00e4ltnisse (z.B.\u00a0Einbau eines Aufzuges, Anbau von Balkonen, angepasster Wohnungszuschnitt, Barrierereduzierung). Au\u00dferdem sparen solche Ma\u00dfnahmen Energie und Wasser ein, etwa durch die Erneuerung der Heizungs- oder Warmwasserbereitungsanlage und\/oder ihrer Komponenten (Kessel, Speicher, Heizk\u00f6rper), durch\u00a0W\u00e4rmed\u00e4mmung von Dach, W\u00e4nden, oberster und unterster Decke.<\/p>\n<h3><strong>Instandhaltung\u00a0<\/strong><\/h3>\n<ul>\n<li>Die &#8222;Sch\u00f6nheitsreparaturen des Eigent\u00fcmers und Vermieters&#8220; sind n\u00f6tig zum Erhalt eines Bauwerkes.<\/li>\n<li>Sie bieten aber auch Gelegenheit, die Gestaltung dem Geschmack der eigenen Generation oder ver\u00e4nderten Nutzungsanspr\u00fcchen anzupassen.<\/li>\n<li>Erh\u00f6hte Anforderungen an W\u00e4rme- und Schallschutz sind ggf. zu ber\u00fccksichtigen.<\/li>\n<li>Ein ansprechendes \u00c4u\u00dferes ist die Visitenkarte eines Objektes.<\/li>\n<li>Ein gepflegtes Geb\u00e4ude generiert h\u00f6here Mieteinnahmen.<\/li>\n<li>Zufriedene Mieter hei\u00dft: zahlende Mieter.<\/li>\n<\/ul>\n<p><strong>Je besser ein Geb\u00e4ude instandgehalten wird, desto geringer sind die folgenden Kosten: Lieber sofort einen kleinen Schaden sachgerecht beheben, als sp\u00e4ter einen gro\u00dfen. Zu den Baukosten k\u00f6nnten dann auch noch Schadensersatzanspr\u00fcche der Mieter kommen und Mietausf\u00e4lle f\u00fcr die Bauzeit, Kosten f\u00fcr Ausweichr\u00e4ume f\u00fcr die Mieter &#8230;<\/strong><\/p>\n<p><strong>Manchmal sind die sofort erforderlichen Eingriffe einfacher und weniger kostenintensiv als man im ersten Moment denkt.<\/strong><\/p>","protected":false},"excerpt":{"rendered":"<p>Sanierung, Modernisierung, Instandhaltung Hier geht es um Bauen im Bestand in jeder Auspr\u00e4gung, gegebenenfalls bei laufendem Betrieb oder in bewohnten Wohnungen &#8230;\u00a0 \u00a0 Sanierung und Renovierung\u00a0 von Altbauten hinsichtlich des Bauk\u00f6rpers: Keller, W\u00e4nde, Fenster, T\u00fcren, Treppenl\u00e4ufe, Dach, &#8230; &#8211; innen und au\u00dfen &#8230;oder der Haustechnik: Wasser, Strom, Gas, Telekommunikationsleitungen zum Geb\u00e4ude und im Geb\u00e4ude,&#8230; Wo &#8230; <a title=\"Geb\u00e4udebestand\" class=\"read-more\" href=\"https:\/\/jenuka.de\/?page_id=60\" aria-label=\"Mehr dazu unter Geb\u00e4udebestand\">Weiterlesen<\/a><\/p>\n","protected":false},"author":1,"featured_media":0,"parent":0,"menu_order":0,"comment_status":"closed","ping_status":"closed","template":"","meta":[],"_links":{"self":[{"href":"https:\/\/jenuka.de\/index.php?rest_route=\/wp\/v2\/pages\/60"}],"collection":[{"href":"https:\/\/jenuka.de\/index.php?rest_route=\/wp\/v2\/pages"}],"about":[{"href":"https:\/\/jenuka.de\/index.php?rest_route=\/wp\/v2\/types\/page"}],"author":[{"embeddable":true,"href":"https:\/\/jenuka.de\/index.php?rest_route=\/wp\/v2\/users\/1"}],"replies":[{"embeddable":true,"href":"https:\/\/jenuka.de\/index.php?rest_route=%2Fwp%2Fv2%2Fcomments&post=60"}],"version-history":[{"count":14,"href":"https:\/\/jenuka.de\/index.php?rest_route=\/wp\/v2\/pages\/60\/revisions"}],"predecessor-version":[{"id":309,"href":"https:\/\/jenuka.de\/index.php?rest_route=\/wp\/v2\/pages\/60\/revisions\/309"}],"wp:attachment":[{"href":"https:\/\/jenuka.de\/index.php?rest_route=%2Fwp%2Fv2%2Fmedia&parent=60"}],"curies":[{"name":"wp","href":"https:\/\/api.w.org\/{rel}","templated":true}]}}