{"id":379,"date":"2022-11-10T12:52:51","date_gmt":"2022-11-10T11:52:51","guid":{"rendered":"https:\/\/jenuka.de\/?page_id=379"},"modified":"2022-11-10T12:52:51","modified_gmt":"2022-11-10T11:52:51","slug":"lebenslauf","status":"publish","type":"page","link":"https:\/\/jenuka.de\/?page_id=379","title":{"rendered":"Lebenslauf"},"content":{"rendered":"\n<div class=\"is-layout-constrained wp-block-group\"><div class=\"wp-block-group__inner-container\">\n<ul>\n<li>Diplom 1998 an der Technischen Fachhochschule Berlin im Studiengang Bauwesen<\/li>\n\n\n\n<li>Diplomarbeit zum Thema Mobilit\u00e4tssicherung von Behinderten in Berlin<\/li>\n\n\n\n<li>Technische Mitarbeiterin einer Baugenossenschaft<\/li>\n\n\n\n<li>Betreuung des Bestandes in allen Leistungsphasen. Von der Meldung &#8222;Der Wasserhahn tropft&#8220; \u00fcber Planung von Sanierungs- und Modernisierungsma\u00dfnahmen, Bau\u00fcberwachung, Dokumentation, Verfolgung von Gew\u00e4hrleistungsanspr\u00fcchen bis zur Abwicklung von Schadensf\u00e4llen hinsichtlich Sanierung und Kostenabrechnung mit der Versicherung. Anleitung und \u00dcberwachung von Hauswarten und Dienstleistern u.s.w.<\/li>\n\n\n\n<li>Technische Mitarbeiterin eines Freien Tr\u00e4gers von Kindertagesst\u00e4tten (Krippe, Kita, Hort)<\/li>\n\n\n\n<li>Planung und Gestaltung neuer Einrichtungen, Instandhaltung bestehender Einrichtungen<\/li>\n\n\n\n<li>Technische Mitarbeiterin einer Baugenossenschaft<\/li>\n\n\n\n<li>Betreuung des Bestandes bei Sanierungs- und Instandhaltungsma\u00dfnahmen und hausverwalterische Aufgaben wie Wohnungs\u00fcbergaben und dgl.<\/li>\n\n\n\n<li>Modulare Fachausbildung zu den Themen Hausverwaltung, Mietrecht und Buchhaltung<\/li>\n\n\n\n<li>Zertifizierung als Sicherheits- und Gesundheitskoordinatorin f\u00fcr Baustellen nach RAB 30 Anlage B+C<\/li>\n\n\n\n<li>Zertifizierung als Brandschutzbeauftragte nach vfdb-Richtlinie 12-09\/01<\/li>\n<\/ul>\n<\/div><\/div>\n\n\n\n<div class=\"is-layout-constrained wp-block-group\"><div class=\"wp-block-group__inner-container\">\n<p><em>Leider sind die einzelnen Aufgabenbereiche viel zu vielf\u00e4ltig, um alles, was das Arbeitsleben so mit sich brachte, hier zu nennen. Was mir jedoch immer besonders wichtig ist, ist herauszufinden, worin die Aufgabe eigentlich besteht. Das hei\u00dft: Wie sind die Bed\u00fcrfnisse des Auftraggebers?<\/em><\/p>\n\n\n\n<p><em>Klingt einfach, ist es aber oft nicht.<\/em><\/p>\n\n\n\n<p><em>Viele tragen eine Idee in sich, k\u00f6nnen aber nicht artikulieren, wie die technische Umsetzung erfolgen soll. Meine Erfahrung kann Ihnen helfen, Ihren Vorstellungen entsprechend die passenden Produkte zu w\u00e4hlen. Da alle Menschen verschieden sind, stellen sich immer wieder neue Aufgaben. Dies ist f\u00fcr mich das Besondere und Reizvolle an meinem Beruf.<\/em><\/p>\n<\/div><\/div>\n","protected":false},"excerpt":{"rendered":"<p>Leider sind die einzelnen Aufgabenbereiche viel zu vielf\u00e4ltig, um alles, was das Arbeitsleben so mit sich brachte, hier zu nennen. Was mir jedoch immer besonders wichtig ist, ist herauszufinden, worin die Aufgabe eigentlich besteht. Das hei\u00dft: Wie sind die Bed\u00fcrfnisse des Auftraggebers? Klingt einfach, ist es aber oft nicht. Viele tragen eine Idee in sich, &#8230; <a title=\"Lebenslauf\" class=\"read-more\" href=\"https:\/\/jenuka.de\/?page_id=379\" aria-label=\"Mehr dazu unter Lebenslauf\">Weiterlesen<\/a><\/p>\n","protected":false},"author":1,"featured_media":0,"parent":0,"menu_order":0,"comment_status":"closed","ping_status":"closed","template":"","meta":[],"_links":{"self":[{"href":"https:\/\/jenuka.de\/index.php?rest_route=\/wp\/v2\/pages\/379"}],"collection":[{"href":"https:\/\/jenuka.de\/index.php?rest_route=\/wp\/v2\/pages"}],"about":[{"href":"https:\/\/jenuka.de\/index.php?rest_route=\/wp\/v2\/types\/page"}],"author":[{"embeddable":true,"href":"https:\/\/jenuka.de\/index.php?rest_route=\/wp\/v2\/users\/1"}],"replies":[{"embeddable":true,"href":"https:\/\/jenuka.de\/index.php?rest_route=%2Fwp%2Fv2%2Fcomments&post=379"}],"version-history":[{"count":1,"href":"https:\/\/jenuka.de\/index.php?rest_route=\/wp\/v2\/pages\/379\/revisions"}],"predecessor-version":[{"id":380,"href":"https:\/\/jenuka.de\/index.php?rest_route=\/wp\/v2\/pages\/379\/revisions\/380"}],"wp:attachment":[{"href":"https:\/\/jenuka.de\/index.php?rest_route=%2Fwp%2Fv2%2Fmedia&parent=379"}],"curies":[{"name":"wp","href":"https:\/\/api.w.org\/{rel}","templated":true}]}}