{"id":26,"date":"2016-11-04T11:41:54","date_gmt":"2016-11-04T10:41:54","guid":{"rendered":"http:\/\/jenuka.de\/?page_id=26"},"modified":"2022-11-17T10:45:30","modified_gmt":"2022-11-17T09:45:30","slug":"hier-treffen-sie-mich","status":"publish","type":"page","link":"https:\/\/jenuka.de\/?page_id=26","title":{"rendered":"hier treffen Sie mich"},"content":{"rendered":"\n<p><\/p>\n\n\n\n<div class=\"is-layout-flex wp-container-8 wp-block-columns\">\n<div class=\"is-layout-flow wp-block-column\">\n<div class=\"is-vertical is-layout-flex wp-container-1 wp-block-group\">\n<figure class=\"wp-block-image size-full\"><img decoding=\"async\" loading=\"lazy\" width=\"838\" height=\"285\" src=\"https:\/\/jenuka.de\/wp-content\/uploads\/2016\/11\/VBI_QF_RGB_72dpi.jpg\" alt=\"\" class=\"wp-image-28\" srcset=\"https:\/\/jenuka.de\/wp-content\/uploads\/2016\/11\/VBI_QF_RGB_72dpi.jpg 838w, https:\/\/jenuka.de\/wp-content\/uploads\/2016\/11\/VBI_QF_RGB_72dpi-300x102.jpg 300w, https:\/\/jenuka.de\/wp-content\/uploads\/2016\/11\/VBI_QF_RGB_72dpi-768x261.jpg 768w\" sizes=\"(max-width: 838px) 100vw, 838px\" \/><\/figure>\n\n\n\n<p class=\"has-medium-font-size\"><strong>Verband Beratender Ingenieure<\/strong><\/p>\n\n\n\n<p>Mitglied im Vorstand des Landesverbandes&nbsp;Berlin-Brandenburg<br>Budapester Stra\u00dfe 31, 10787 Berlin&nbsp;<br>Tel.: +49 (0)30-26062-0&nbsp;<br>Fax: +49 (0)30-26062-100&nbsp;<\/p>\n<\/div>\n<\/div>\n\n\n\n<div class=\"is-layout-flow wp-block-column\" style=\"flex-basis:50px\"><\/div>\n\n\n\n<div class=\"is-layout-flow wp-block-column\">\n<div class=\"is-vertical is-layout-flex wp-container-6 wp-block-group\">\n<div class=\"is-vertical is-layout-flex wp-container-5 wp-block-group\">\n<figure class=\"wp-block-image size-full\"><img decoding=\"async\" loading=\"lazy\" width=\"1024\" height=\"334\" src=\"https:\/\/jenuka.de\/wp-content\/uploads\/2022\/11\/BDB-LV-BB_1-1024x334-1.jpeg\" alt=\"\" class=\"wp-image-423\" srcset=\"https:\/\/jenuka.de\/wp-content\/uploads\/2022\/11\/BDB-LV-BB_1-1024x334-1.jpeg 1024w, https:\/\/jenuka.de\/wp-content\/uploads\/2022\/11\/BDB-LV-BB_1-1024x334-1-300x98.jpeg 300w, https:\/\/jenuka.de\/wp-content\/uploads\/2022\/11\/BDB-LV-BB_1-1024x334-1-768x251.jpeg 768w\" sizes=\"(max-width: 1024px) 100vw, 1024px\" \/><\/figure>\n\n\n\n<p><\/p>\n\n\n\n<div class=\"is-vertical is-layout-flex wp-container-4 wp-block-group\">\n<p class=\"has-medium-font-size\"><strong>Bund Deutscher Baumeister Architekten<\/strong> <strong>und Ingenieure e.V.<\/strong><\/p>\n<\/div>\n\n\n\n<p>Landesverband Berlin-Brandenburg<br>Willdenowstra\u00dfe 6, 12203 Berlin<\/p>\n\n\n\n<p>Tel.: +49 (0)30-8615747<\/p>\n\n\n\n<p>Fax: +49 (0)30-86422140<\/p>\n\n\n\n<p><a href=\"https:\/\/www.baumeister-online.de\">www.baumeister-online.de<\/a><\/p>\n<\/div>\n<\/div>\n<\/div>\n<\/div>\n\n\n\n<hr class=\"wp-block-separator has-text-color has-contrast-3-color has-alpha-channel-opacity has-contrast-3-background-color has-background\"\/>\n\n\n\n<div class=\"is-layout-flex wp-container-16 wp-block-columns\">\n<div class=\"is-layout-flow wp-block-column\">\n<div class=\"is-vertical is-layout-flex wp-container-11 wp-block-group\">\n<figure class=\"wp-block-image size-full is-resized\"><img decoding=\"async\" loading=\"lazy\" src=\"https:\/\/jenuka.de\/wp-content\/uploads\/2022\/02\/logo-bk-berlin.png\" alt=\"\" class=\"wp-image-211\" width=\"464\" height=\"98\" srcset=\"https:\/\/jenuka.de\/wp-content\/uploads\/2022\/02\/logo-bk-berlin.png 332w, https:\/\/jenuka.de\/wp-content\/uploads\/2022\/02\/logo-bk-berlin-300x63.png 300w\" sizes=\"(max-width: 464px) 100vw, 464px\" \/><\/figure>\n\n\n\n<div class=\"is-vertical is-layout-flex wp-container-10 wp-block-group\">\n<div class=\"is-vertical is-layout-flex wp-container-9 wp-block-group\">\n<p class=\"has-medium-font-size\"><strong>Baukammer Berlin &#8211; <\/strong><\/p>\n\n\n\n<p class=\"has-medium-font-size\"><strong>K\u00f6rperschaft \u00f6ffentlichen Rechts<\/strong><\/p>\n<\/div>\n<\/div>\n\n\n\n<p>Gutsmuthsstra\u00dfe 24, 12163 BerlinMitglied der Fachgruppen 1 und 6, der Vertreterversammlung, im Baurechtsausschuss, im Mitgliederausschuss und im Schlichtungsausschuss<\/p>\n<\/div>\n<\/div>\n\n\n\n<div class=\"is-layout-flow wp-block-column\" style=\"flex-basis:50px\"><\/div>\n\n\n\n<div class=\"is-layout-flow wp-block-column\">\n<div class=\"is-vertical is-layout-flex wp-container-14 wp-block-group\">\n<figure class=\"wp-block-image size-full is-resized\"><img decoding=\"async\" loading=\"lazy\" src=\"https:\/\/jenuka.de\/wp-content\/uploads\/2022\/11\/vfdb.png\" alt=\"\" class=\"wp-image-426\" width=\"309\" height=\"167\" srcset=\"https:\/\/jenuka.de\/wp-content\/uploads\/2022\/11\/vfdb.png 370w, https:\/\/jenuka.de\/wp-content\/uploads\/2022\/11\/vfdb-300x162.png 300w\" sizes=\"(max-width: 309px) 100vw, 309px\" \/><\/figure>\n\n\n\n<p class=\"has-medium-font-size\"><strong>Vereinigung zur F\u00f6rderung des Deutschen Brandschutzes e.V.<\/strong><\/p>\n\n\n\n<p>Postfach 1231, 48341 Altenberge<\/p>\n<\/div>\n<\/div>\n<\/div>\n\n\n\n<p><\/p>\n","protected":false},"excerpt":{"rendered":"<p>Verband Beratender Ingenieure Mitglied im Vorstand des Landesverbandes&nbsp;Berlin-BrandenburgBudapester Stra\u00dfe 31, 10787 Berlin&nbsp;Tel.: +49 (0)30-26062-0&nbsp;Fax: +49 (0)30-26062-100&nbsp; Bund Deutscher Baumeister Architekten und Ingenieure e.V. Landesverband Berlin-BrandenburgWilldenowstra\u00dfe 6, 12203 Berlin Tel.: +49 (0)30-8615747 Fax: +49 (0)30-86422140 www.baumeister-online.de Baukammer Berlin &#8211; K\u00f6rperschaft \u00f6ffentlichen Rechts Gutsmuthsstra\u00dfe 24, 12163 BerlinMitglied der Fachgruppen 1 und 6, der Vertreterversammlung, im Baurechtsausschuss, im &#8230; <a title=\"hier treffen Sie mich\" class=\"read-more\" href=\"https:\/\/jenuka.de\/?page_id=26\" aria-label=\"Mehr dazu unter hier treffen Sie mich\">Weiterlesen<\/a><\/p>\n","protected":false},"author":1,"featured_media":0,"parent":0,"menu_order":0,"comment_status":"closed","ping_status":"closed","template":"","meta":[],"_links":{"self":[{"href":"https:\/\/jenuka.de\/index.php?rest_route=\/wp\/v2\/pages\/26"}],"collection":[{"href":"https:\/\/jenuka.de\/index.php?rest_route=\/wp\/v2\/pages"}],"about":[{"href":"https:\/\/jenuka.de\/index.php?rest_route=\/wp\/v2\/types\/page"}],"author":[{"embeddable":true,"href":"https:\/\/jenuka.de\/index.php?rest_route=\/wp\/v2\/users\/1"}],"replies":[{"embeddable":true,"href":"https:\/\/jenuka.de\/index.php?rest_route=%2Fwp%2Fv2%2Fcomments&post=26"}],"version-history":[{"count":36,"href":"https:\/\/jenuka.de\/index.php?rest_route=\/wp\/v2\/pages\/26\/revisions"}],"predecessor-version":[{"id":479,"href":"https:\/\/jenuka.de\/index.php?rest_route=\/wp\/v2\/pages\/26\/revisions\/479"}],"wp:attachment":[{"href":"https:\/\/jenuka.de\/index.php?rest_route=%2Fwp%2Fv2%2Fmedia&parent=26"}],"curies":[{"name":"wp","href":"https:\/\/api.w.org\/{rel}","templated":true}]}}