{"id":2,"date":"2016-05-10T03:48:21","date_gmt":"2016-05-10T03:48:21","guid":{"rendered":"http:\/\/wp452m.a10-52-158-154.qa.plesk.ru\/wordpress\/?page_id=2"},"modified":"2022-11-07T13:21:33","modified_gmt":"2022-11-07T12:21:33","slug":"sample-page","status":"publish","type":"page","link":"https:\/\/jenuka.de\/?page_id=2","title":{"rendered":"Brandschutz"},"content":{"rendered":"\n<figure class=\"wp-block-image size-large\"><img decoding=\"async\" loading=\"lazy\" width=\"1024\" height=\"683\" src=\"https:\/\/jenuka.de\/wp-content\/uploads\/2022\/11\/AdobeStock_101445757-1024x683.jpeg\" alt=\"\" class=\"wp-image-305\" srcset=\"https:\/\/jenuka.de\/wp-content\/uploads\/2022\/11\/AdobeStock_101445757-1024x683.jpeg 1024w, https:\/\/jenuka.de\/wp-content\/uploads\/2022\/11\/AdobeStock_101445757-300x200.jpeg 300w, https:\/\/jenuka.de\/wp-content\/uploads\/2022\/11\/AdobeStock_101445757-768x512.jpeg 768w, https:\/\/jenuka.de\/wp-content\/uploads\/2022\/11\/AdobeStock_101445757-1536x1024.jpeg 1536w, https:\/\/jenuka.de\/wp-content\/uploads\/2022\/11\/AdobeStock_101445757-2048x1365.jpeg 2048w\" sizes=\"(max-width: 1024px) 100vw, 1024px\" \/><\/figure>\n\n\n<h3><strong>Baulicher Brandschutz<\/strong><\/h3>\n<p>&#8222;Bauliche Anlagen sind so anzuordnen, zu errichten, zu \u00e4ndern und instand zu halten, dass der Entstehung eines Brandes und der Ausbreitung von Feuer und Rauch (Brandausbreitung) vorgebeugt wird und bei einem Brand die Rettung von Menschen und Tieren sowie wirksame L\u00f6scharbeiten m\u00f6glich sind.&#8220; So verlangt es (nicht nur) die Berliner Bauordnung.<\/p>\n<p>Hierbei ist vorrangig, dass diese Schutzziele erreicht werden. Der Weg dorthin kann je nach Gr\u00f6\u00dfe des Geb\u00e4udes und der Art der Nutzung sehr verschieden sein. Die Kombination unterschiedlicher Bausteine erzeugt ein Konzept, welches die Grundlage zur sicheren Betriebsaufnahme bilden soll. Entscheidend ist es jedoch, dieses Konzept auch w\u00e4hrend des Betriebes am Leben zu erhalten und bei Bedarf immer wieder an ver\u00e4nderte Gegebenheiten anzupassen.<\/p>\n<p>Weitere Aspekte dazu:<\/p>\n<h3><strong>Technischer Brandschutz<\/strong><\/h3>\n<p>Technische M\u00f6glichkeiten der Brandvermeidung werden hinsichtlich ihrer Eignung gepr\u00fcft und Vorschl\u00e4ge zur Umsetzung erarbeitet und pr\u00e4sentiert. Wenn Sie es w\u00fcnschen, werden voraussichtliche Kosten ermittelt, Sie erhalten Unterst\u00fctzung bei Leistungsvergabe, Ausf\u00fchrungs\u00fcberwachung und Abrechnung.<\/p>\n<p>Bitte beachten Sie, dass nach der Erstausstattung regelm\u00e4\u00dfig die Richtigkeit und Vollst\u00e4ndigkeit zum Beispiel der optischen Sicherheitsleitsysteme, der L\u00f6scheinrichtungen und der Flucht- und Rettungspl\u00e4ne gepr\u00fcft werden m\u00fcssen!<\/p>\n<ul>\n<li>Brandrisikoanalyse<\/li>\n<li>Flucht- und Rettungspl\u00e4ne, Brandschutzordnung<\/li>\n<li>regelm\u00e4\u00dfige Kontrollen der Sicherheits- und L\u00f6scheinrichtungen<\/li>\n<li>Erstellung eines Brandschutzhandbuches<\/li>\n<\/ul>\n<h3><strong>&nbsp;Organisatorischer Brandschutz<\/strong><\/h3>\n<p>Motivation und Qualifikation der Personen im betroffenen Geb\u00e4ude werden durch Information und klare Vorgaben optimiert. Regelm\u00e4\u00dfige Unterweisungen zur Frage &#8222;WER tut WANN WAS?&#8220; hilft im Ernstfall in der richtigen Reihenfolge den Brand zu melden, zu retten, zu l\u00f6schen, sich am festgelegten Platz zu treffen, und so weiter. Je \u00f6fter Abl\u00e4ufe erkl\u00e4rt und ge\u00fcbt werden, desto besser sind die Chancen, den Brandfall mit m\u00f6glichst geringem Personen- und Sachschaden zu \u00fcberstehen.<\/p>\n<ul>\n<li>Unterweisung der Mitarbeiter<\/li>\n<li>Erstellung eines Konzeptes f\u00fcr den Umgang mit Betriebsfremden<\/li>\n<li>Vorbereitung und Begleitung von Evakuierungs\u00fcbungen<\/li>\n<li>Vermittlung von L\u00f6sch\u00fcbungen<\/li>\n<li>Erstellung von Flucht- und Rettungspl\u00e4nen, Feuerwehrpl\u00e4nen, Alarmpl\u00e4nen<\/li>\n<\/ul>\n<p><strong>selbstverst\u00e4ndlich werden Belange in ihrer Mobilit\u00e4t oder Sensorik eingeschr\u00e4nkter Personen ber\u00fccksichtigt<\/strong><\/p>\n<h3><strong>Abwehrender Brandschutz<\/strong><\/h3>\n<p>In Zusammenarbeit mit der Feuerwehr wird ein Konzept erarbeitet, wie im Brandfall schnellstm\u00f6glich geholfen werden kann.<\/p>\n<ul>\n<li>kurze Alarmierungszeit sicherstellen<\/li>\n<li>Notwendigkeit von Feuerwehrstellfl\u00e4chen pr\u00fcfen<\/li>\n<li>Hilfe bei der Lagefeststellung durch beauftragten Betriebsangeh\u00f6rigen<\/li>\n<li>Gef\u00e4hrdung der Nachbarschaft pr\u00fcfen<\/li>\n<\/ul>\n<p>Unter den jeweiligen Punkten finden Sie eine Auswahl des Machbaren. Sollten Sie Ihr Anliegen hier nicht genannt finden, z\u00f6gern Sie nicht, Kontakt mit mir aufzunehmen.<\/p>\n<p><span style=\"color: #ccffff;\">&nbsp;<\/span><\/p>","protected":false},"excerpt":{"rendered":"<p>Baulicher Brandschutz &#8222;Bauliche Anlagen sind so anzuordnen, zu errichten, zu \u00e4ndern und instand zu halten, dass der Entstehung eines Brandes und der Ausbreitung von Feuer und Rauch (Brandausbreitung) vorgebeugt wird und bei einem Brand die Rettung von Menschen und Tieren sowie wirksame L\u00f6scharbeiten m\u00f6glich sind.&#8220; So verlangt es (nicht nur) die Berliner Bauordnung. Hierbei ist &#8230; <a title=\"Brandschutz\" class=\"read-more\" href=\"https:\/\/jenuka.de\/?page_id=2\" aria-label=\"Mehr dazu unter Brandschutz\">Weiterlesen<\/a><\/p>\n","protected":false},"author":1,"featured_media":0,"parent":0,"menu_order":0,"comment_status":"closed","ping_status":"open","template":"","meta":[],"_links":{"self":[{"href":"https:\/\/jenuka.de\/index.php?rest_route=\/wp\/v2\/pages\/2"}],"collection":[{"href":"https:\/\/jenuka.de\/index.php?rest_route=\/wp\/v2\/pages"}],"about":[{"href":"https:\/\/jenuka.de\/index.php?rest_route=\/wp\/v2\/types\/page"}],"author":[{"embeddable":true,"href":"https:\/\/jenuka.de\/index.php?rest_route=\/wp\/v2\/users\/1"}],"replies":[{"embeddable":true,"href":"https:\/\/jenuka.de\/index.php?rest_route=%2Fwp%2Fv2%2Fcomments&post=2"}],"version-history":[{"count":13,"href":"https:\/\/jenuka.de\/index.php?rest_route=\/wp\/v2\/pages\/2\/revisions"}],"predecessor-version":[{"id":306,"href":"https:\/\/jenuka.de\/index.php?rest_route=\/wp\/v2\/pages\/2\/revisions\/306"}],"wp:attachment":[{"href":"https:\/\/jenuka.de\/index.php?rest_route=%2Fwp%2Fv2%2Fmedia&parent=2"}],"curies":[{"name":"wp","href":"https:\/\/api.w.org\/{rel}","templated":true}]}}