{"id":176,"date":"2019-08-27T18:28:32","date_gmt":"2019-08-27T17:28:32","guid":{"rendered":"http:\/\/jenuka.de\/?page_id=176"},"modified":"2022-10-21T13:39:25","modified_gmt":"2022-10-21T12:39:25","slug":"datenschutz","status":"publish","type":"page","link":"https:\/\/jenuka.de\/?page_id=176","title":{"rendered":"DATENSCHUTZ"},"content":{"rendered":"\n<p class=\"has-contrast-color has-text-color\">Datenschutzerkl\u00e4rung f\u00fcr Website<\/p>\n\n\n\n<p class=\"has-contrast-2-color has-text-color\">Diese Datenschutzinformation gilt f\u00fcr die Datenverarbeitung durch:<\/p>\n\n\n\n<p class=\"has-contrast-2-color has-text-color\">Jennifer Uka<br>\nHalker Zeile 126<br>\n12305 Berlin<\/p>\n\n\n\n<p class=\"has-contrast-2-color has-text-color\">Telefon: +49 (0)30 32 59 22 16<br>Telefax: +49 (0)30 32 59 22 179<br> E-Mail: <a href=\"mailto:info@jenuka.de\">info@jenuka.de<\/a><\/p>\n\n\n\n<ul class=\"has-text-color\" style=\"color:#244288\"><li>Erhebung und Speicherung personenbezogener Daten sowie Art und Zweck von deren Verwendung<\/li><\/ul>\n\n\n\n<p class=\"has-contrast-2-color has-text-color\">Beim Aufrufen unserer Website werden durch den auf Ihrem Endger\u00e4t zum Einsatz kommenden Browser automatisch Informationen an den Server unserer Website gesendet. Diese Informationen werden tempor\u00e4r in einem sogenannten Logfile gespeichert. Folgende Informationen werden dabei ohne Ihr Zutun erfasst und bis zur automatisierten L\u00f6schung gespeichert:<\/p>\n\n\n\n<p class=\"has-contrast-2-color has-text-color\">IP-Adresse des anfragenden Rechners,\nDatum und Uhrzeit des Zugriffs,\nName und URL der aufgerufenen Datei,\nWebsite, von der aus der Zugriff erfolgt (Referrer-URL),\nverwendeter Browser und gegebenenfalls das Betriebssystem Ihres Rechners sowie der Name Ihres Access-Providers.<\/p>\n\n\n\n<p class=\"has-contrast-2-color has-text-color\">Die genannten Daten werden durch uns zu folgenden Zwecken verarbeitet:<\/p>\n\n\n\n<p class=\"has-contrast-2-color has-text-color\">Gew\u00e4hrleistung eines reibungslosen Verbindungsaufbau der Website,\nGew\u00e4hrleistung einer komfortablen Nutzung unserer Website,\nAuswertung der Systemsicherheit und -stabilit\u00e4t sowie\nzu weiteren administrativen Zwecken.<\/p>\n\n\n\n<p class=\"has-contrast-2-color has-text-color\">Die Rechtsgrundlage f\u00fcr die Datenverarbeitung ist Art. 6 Abs. 1 Satz 1 lit. f DSGVO. Unser berechtigtes Interesse folgt aus oben aufgelisteten Zwecken zur Datenerhebung. In keinem Fall verwenden wir die erhobenen Daten zu dem Zweck, R\u00fcckschl\u00fcsse auf Ihre Person zu ziehen. Dar\u00fcber hinaus setzen wir beim Besuch meiner Website Cookies sowie Analysedienste ein. N\u00e4here Erl\u00e4uterungen erhalten Sie unter den Ziffern [4] und [5] dieser Datenschutzerkl\u00e4rung.<\/p>\n\n\n\n<ul class=\"has-text-color\" style=\"color:#244288\"><li>Weitergabe von Daten<\/li><\/ul>\n\n\n\n<p class=\"has-contrast-2-color has-text-color\">Eine \u00dcbermittlung Ihrer pers\u00f6nlichen Daten an Dritte zu anderen als den im Folgenden aufgef\u00fchrten Zwecken findet nicht statt. Wir geben Ihre pers\u00f6nlichen Daten nur an Dritte weiter, wenn:<\/p>\n\n\n\n<p class=\"has-contrast-2-color has-text-color\">Sie Ihre nach Art. 6 Abs. 1 Satz 1 lit. a DSGVO ausdr\u00fcckliche Einwilligung dazu erteilt haben,\ndie Weitergabe nach Art. 6 Abs. 1 Satz 1 lit. f DSGVO zur Geltendmachung, Aus\u00fcbung oder Verteidigung von Rechtsanspr\u00fcchen erforderlich ist und kein Grund zur Annahme besteht, dass Sie ein \u00fcberwiegendes schutzw\u00fcrdiges Interesse an der Nichtweitergabe Ihrer Daten haben,\nf\u00fcr den Fall, dass f\u00fcr die Weitergabe nach Art. 6 Abs. 1 Satz 1 lit. c DSGVO eine gesetzliche Verpflichtung besteht, sowie\ndies gesetzlich zul\u00e4ssig und nach Art. 6 Abs. 1 Satz 1 lit. b DSGVO f\u00fcr die Abwicklung von Vertragsverh\u00e4ltnissen mit Ihnen erforderlich ist.<\/p>\n\n\n\n<ul class=\"has-text-color\" style=\"color:#244288\"><li>Cookies<\/li><\/ul>\n\n\n\n<p class=\"has-contrast-2-color has-text-color\">Wir setzen auf unserer Seite Cookies ein. Hierbei handelt es sich um kleine Dateien, die Ihr Browser automatisch erstellt und die auf Ihrem Endger\u00e4t (Laptop, Tablet, Smartphone o. \u00e4.) gespeichert werden, wenn Sie unsere Seite besuchen. Cookies richten auf Ihrem Endger\u00e4t keinen Schaden an, enthalten keine Viren, Trojaner oder sonstige Schadsoftware.<\/p>\n\n\n\n<p class=\"has-contrast-2-color has-text-color\">In dem Cookie werden Informationen abgelegt, die sich jeweils im Zusammenhang mit dem spezifisch eingesetzten Endger\u00e4t ergeben. Dies bedeutet jedoch nicht, dass wir dadurch unmittelbar Kenntnis von Ihrer Identit\u00e4t erhalten.<\/p>\n\n\n\n<p class=\"has-contrast-2-color has-text-color\">Der Einsatz von Cookies dient einerseits dazu, die Nutzung unseres Angebots f\u00fcr Sie angenehmer zu gestalten. So setzen wir sogenanntes Sessions-Cookies ein, um zu erkennen, dass Sie einzelne Seiten unserer Website bereits besucht haben. Diese werden nach Verlassen unserer Seite automatisch gel\u00f6scht.<\/p>\n\n\n\n<p class=\"has-contrast-2-color has-text-color\">Dar\u00fcber hinaus setzen wir ebenfalls zur Optimierung der Benutzerfreundlichkeit tempor\u00e4re Cookies ein, die f\u00fcr einen bestimmten festgelegten Zeitraum auf Ihrem Endger\u00e4t gespeichert werden. Besuchen Sie unsere Seite erneut, um unsere Dienste in Anspruch zu nehmen, wird automatisch erkannt, dass Sie bereits bei uns waren und welche Eingaben und Einstellungen Sie get\u00e4tigt haben, um diese nicht noch einmal eingeben zu m\u00fcssen.<\/p>\n\n\n\n<p class=\"has-contrast-2-color has-text-color\">Zum anderen setzen wir Cookies ein, um die Nutzung unserer Website statistisch zu erfassen und zum Zwecke der Optimierung unseres Angebotes f\u00fcr Sie auszuwerten (siehe Ziffer [5]). Diese Cookies erm\u00f6glichen es uns, bei einem erneuten Besuch unserer Seite automatisch zu erkennen, dass Sie bereits bei uns waren. Diese Cookies werden nach einer jeweils definierten Zeit automatisch gel\u00f6scht. Die durch Cookies verarbeiteten Daten sind f\u00fcr die genannten Zwecke zur Wahrung unserer berechtigten Interessen sowie der 3. nach Art. 6 Abs. 1 Satz 1 lit. f DSGVO erforderlich.<\/p>\n\n\n\n<p class=\"has-contrast-2-color has-text-color\">Die meisten Browser akzeptieren Cookies automatisch. Sie k\u00f6nnen Ihren Browser jedoch so konfigurieren, dass keine Cookies auf Ihrem Computer gespeichert werden oder stets ein Hinweis erscheint, bevor ein neuer Cookie angelegt wird. Die vollst\u00e4ndige Deaktivierung von Cookies kann jedoch dazu f\u00fchren, dass sie nicht alle Funktionen unserer Website nutzen k\u00f6nnen.<\/p>\n\n\n\n<ul class=\"has-text-color\" style=\"color:#244288\"><li>Analyse-Tools<\/li><\/ul>\n\n\n\n<p class=\"has-contrast-2-color has-text-color\">Tracking-Tools<br>\nDie im Folgenden aufgef\u00fchrten und von uns eingesetzten Tracking-Ma\u00dfnahmen werden auf der Grundlage des Art. 6 Abs. 1 Satz 1 lit. f DSGVO durchgef\u00fchrt. Mit den zum Einsatz kommenden Tracking-Ma\u00dfnahmen wollen wir eine bedarfsgerechte Gestaltung und die fortlaufende Optimierung unserer Website sicherstellen. Zum anderen setzen wir die Tracking-Ma\u00dfnahmen ein, um die Nutzung unserer Website statistisch zu erfassen und zum Zwecke der Optimierung unseres Angebotes f\u00fcr Sie auszuwerten. Diese Interessen sind als berechtigt im Sinne der vorgenannten Vorschrift anzusehen. Die jeweiligen Datenverarbeitungszwecke und Datenkategorien sind aus den entsprechenden Tracking-Tools zu entnehmen.<\/p>\n\n\n\n<p class=\"has-contrast-2-color has-text-color\">Google Analytics<br>\nZum Zwecke der bedarfsgerechten Gestaltung und fortlaufenden Optimierung unserer Seiten nutzen wir Google Analytics, ein Webanalysedienst der Google Inc. (https:\/\/www.google.de\/intl\/de\/about\/) (1600 Amphietheatre, Mountain View, CA 94043, USA; im Folgenden \u201eGoogle\u201c). In diesem Zusammenhang werden pseudonymisierte Nutzungsprofile erstellt und Cookies (siehe unter [4]) verwendet. Die durch den Cookie erzeugten Informationen \u00fcber Ihre Benutzung dieser Website wie<\/p>\n\n\n\n<p class=\"has-contrast-2-color has-text-color\">Browser-Typ\/-Version,\nverwendetes Betriebssystem,\nReferrer-URL (die zuvor besuchte Seite),\nHostname des zu greifenden Rechners (IP-Adresse),\nUhrzeit der Serveranfrage,<\/p>\n\n\n\n<p class=\"has-contrast-2-color has-text-color\">werden an einen Server von Google in den USA \u00fcbertragen und dort gespeichert. Die Informationen werden verwendet, um die Nutzung der Website auszuwerten, um Reports \u00fcber die Website-aktivit\u00e4ten zusammenzustellen und um weitere mit der Websitenutzung und der Internetnutzung verbundene Dienstleistungen zu Zwecken der Marktforschung und bedarfsgerechten Gestaltung dieser Internetseiten zu erbringen. Auch werden diese Informationen gegebenenfalls an Dritte \u00fcbertragen, sofern dies gesetzlich vorgeschrieben ist oder soweit Dritte diese Daten im Auftrag verarbeiten. Es wird in keinem Fall Ihre IP-Adresse mit anderen Daten von Google zusammengef\u00fchrt. Die IP-Adressen werden anonymisiert, sodass eine Zuordnung nicht m\u00f6glich ist (IP-Masking).<\/p>\n\n\n\n<p class=\"has-contrast-2-color has-text-color\">Sie k\u00f6nnen die Installation der Cookies durch eine entsprechende Einstellung der Browser-Software verhindern; wir weisen jedoch darauf hin, dass in diesem Fall gegebenenfalls nicht s\u00e4mtli-che Funktionen dieser Website vollumf\u00e4nglich genutzt werden k\u00f6nnen. Sie k\u00f6nnen dar\u00fcber hinaus die Erfassung der durch das Cookie erzeugten und auf Ihre Nutzung der Website bezogenen Da-ten (inklusive Ihrer IP-Adresse) sowie die Verarbeitung dieser Daten durch Google verhindern, indem sie ein Browser-Add-on herunterladen und installieren (https:\/\/tools.google.com\/dlpage\/gaoptout?hl=de).<\/p>\n\n\n\n<p class=\"has-contrast-2-color has-text-color\">Alternativ zum Browser-Add-on, insbesondere bei Browsern auf mobilen Endger\u00e4ten, k\u00f6nnen Sie die Erfassung durch Google Analytics zu den verhindern, indem Sie auf diesen Link klicken. Es wird ein Opt-out-Cookie gesetzt, dass die zuk\u00fcnftige Erfassung Ihrer Daten beim Besuch dieser Website verhindert. Der Opt-out-Cookie gilt nur in diesem Browser und nur f\u00fcr unsere Website und wird auf Ihrem Ger\u00e4t abgelegt. L\u00f6schen Sie die Cookies in diesem Browser, m\u00fcssen Sie das Opt-out-Cookie erneut setzen. Weitere Informationen zum Datenschutz im Zusammenhang mit Google Analytics finden Sie etwa in der Google Analytics-Hilfe (https:\/\/support.google.com\/analytics\/answer\/6004245?hl=de).<\/p>\n\n\n\n<p class=\"has-contrast-2-color has-text-color\">Wenn Sie nicht an dem Tracking-Verfahren teilnehmen m\u00f6chten, k\u00f6nnen Sie auch das hierf\u00fcr erforderliche Setzen eines Cookies ablehnen &#8211; etwa per Browser-Einstellung, die das automatische Setzen von Cookies generell deaktiviert. Sie k\u00f6nnen Cookies f\u00fcr Conversion-Tracking auch deak-tivieren, indem Sie Ihren Browser so einstellen, dass Cookies von der Domain \u201ewww.googleadservices.com\u201c blockiert werden. Googles Datenschutzbelehrung zum Conversion-Tracking finden Sie hier (https:\/\/services.google.com\/sitestats\/de.html).<\/p>\n\n\n\n<ul class=\"has-text-color\" style=\"color:#244288\"><li>Betroffenenrechte<\/li><\/ul>\n\n\n\n<p class=\"has-contrast-2-color has-text-color\">Sie haben das Recht:<\/p>\n\n\n\n<p class=\"has-contrast-2-color has-text-color\">gem\u00e4\u00df Art. 15 DSGVO Auskunft \u00fcber Ihre von uns verarbeiteten personenbezogenen Daten zu verlangen. Insbesondere k\u00f6nnen Sie Auskunft \u00fcber die Verarbeitungszwecke, die Kategorie der personenbezogenen Daten, die Kategorien von Empf\u00e4ngern, gegen\u00fcber denen Ihre Daten offengelegt wurden oder werden, die geplante Speicherdauer, das Bestehen eines Rechts auf Berichtigung, L\u00f6schung, Einschr\u00e4nkung der Verarbeitung oder Widerspruch, das Bestehen eines Beschwerderechts, die Herkunft Ihrer Daten, sofern diese nicht bei uns erhoben wurden, sowie \u00fcber das Bestehen einer automatisierten Entscheidungsfindung einschlie\u00dflich Profiling und gegebenenfalls aussagekr\u00e4ftigen Informationen zu deren Einzelheiten verlangen;\ngem\u00e4\u00df Art. 16 DSGVO unverz\u00fcglich die Berichtigung unrichtiger oder Vervollst\u00e4ndigung Ihrer bei uns gespeicherten personenbezogenen Daten zu verlangen;\ngem\u00e4\u00df Art. 17 DSGVO die L\u00f6schung Ihrer bei uns gespeicherten personenbezogenen Daten zu verlangen, soweit nicht die Verarbeitung zur Aus\u00fcbung des Rechts auf freie Meinungs\u00e4u\u00dferung und Information, zur Erf\u00fcllung einer rechtlichen Verpflichtung, aus Gr\u00fcnden des \u00f6ffentlichen Interesses oder zur Geltendmachung, Aus\u00fcbung oder Verteidigung von Rechtsanspr\u00fcchen erforderlich ist;\ngem\u00e4\u00df Art. 18 DSGVO die Einschr\u00e4nkung der Verarbeitung Ihrer personenbezogenen Daten zu verlangen, soweit die Richtigkeit der Daten von Ihnen bestritten wird, die Verarbeitung unrechtm\u00e4\u00dfig ist, Sie aber deren L\u00f6schung ablehnen und wir die Daten nicht mehr ben\u00f6tigen, Sie jedoch diese zur Geltendmachung, Aus\u00fcbung oder Verteidigung von Rechtsanspr\u00fcchen ben\u00f6tigen oder Sie gem\u00e4\u00df Art. 21 DSGVO Widerspruch gegen die Verarbeitung eingelegt haben;\ngem\u00e4\u00df Art. 20 DSGVO Ihre personenbezogenen Daten, die Sie uns bereitgestellt haben, in einem strukturierten, g\u00e4ngigen und maschinenlesbaren Format zu erhalten oder die \u00dcbermittlung an einen anderen Verantwortlichen zu verlangen;\ngem\u00e4\u00df Art. 7 Abs. 3 DSGVO Ihre einmal erteilte Einwilligung jederzeit gegen\u00fcber uns zu widerrufen. Dies hat zur Folge, dass wir die Datenverarbeitung, die auf dieser Einwilligung beruhte, f\u00fcr die Zukunft nicht mehr fortf\u00fchren d\u00fcrfen und\ngem\u00e4\u00df Art. 77 DSGVO sich bei einer Aufsichtsbeh\u00f6rde zu beschweren. In der Regel k\u00f6nnen Sie sich hierf\u00fcr an die Aufsichtsbeh\u00f6rde Ihres \u00fcblichen Aufenthaltsortes oder Arbeitsplatzes oder unseres Sitzes wenden.<\/p>\n\n\n\n<ul class=\"has-text-color\" style=\"color:#244288\"><li>Widerspruchsrecht<\/li><\/ul>\n\n\n\n<p class=\"has-contrast-2-color has-text-color\">Sofern Ihre personenbezogenen Daten auf der Grundlage von berechtigten Interessen gem\u00e4\u00df Art. 6 Abs. 1 Satz 1 lit. f DSGVO verarbeitet werden, haben Sie das Recht, gem\u00e4\u00df Art. 21 DSGVO Widerspruch gegen die Verarbeitung Ihrer personenbezogenen Daten einzulegen, soweit daf\u00fcr Gr\u00fcnde vorliegen, die sich aus Ihrer besonderen Situation ergeben oder sich der Widerspruch gegen direkt Werbung richtet. Im letzteren Fall haben Sie ein generelles Widerspruchsrecht, das ohne Angabe einer besonderen Situation von uns umgesetzt wird. M\u00f6chten Sie von Ihrem Widerrufs- oder Widerspruchsrecht Gebrauch machen, gen\u00fcgt eine E-Mail an info@jenuka.de.<\/p>\n\n\n\n<ul class=\"has-text-color\" style=\"color:#244288\"><li>Aktualit\u00e4t und \u00c4nderung dieser Datenschutzerkl\u00e4rung<\/li><\/ul>\n\n\n\n<p class=\"has-contrast-2-color has-text-color\">Diese Datenschutzerkl\u00e4rung ist aktuell g\u00fcltig und hat den Stand Augus 2019. Durch die Weiterentwicklung unserer Website und Angebote dar\u00fcber oder aufgrund ge\u00e4nderter gesetzlicher bzw. beh\u00f6rdlicher Vorgaben kann es notwendig werden, diese Datenschutzerkl\u00e4rung zu \u00e4ndern. <\/p>\n","protected":false},"excerpt":{"rendered":"<p>Datenschutzerkl\u00e4rung f\u00fcr Website Diese Datenschutzinformation gilt f\u00fcr die Datenverarbeitung durch: Jennifer Uka Halker Zeile 126 12305 Berlin Telefon: +49 (0)30 32 59 22 16Telefax: +49 (0)30 32 59 22 179 E-Mail: info@jenuka.de Erhebung und Speicherung personenbezogener Daten sowie Art und Zweck von deren Verwendung Beim Aufrufen unserer Website werden durch den auf Ihrem Endger\u00e4t zum &#8230; <a title=\"DATENSCHUTZ\" class=\"read-more\" href=\"https:\/\/jenuka.de\/?page_id=176\" aria-label=\"Mehr dazu unter DATENSCHUTZ\">Weiterlesen<\/a><\/p>\n","protected":false},"author":1,"featured_media":0,"parent":0,"menu_order":0,"comment_status":"closed","ping_status":"closed","template":"","meta":[],"_links":{"self":[{"href":"https:\/\/jenuka.de\/index.php?rest_route=\/wp\/v2\/pages\/176"}],"collection":[{"href":"https:\/\/jenuka.de\/index.php?rest_route=\/wp\/v2\/pages"}],"about":[{"href":"https:\/\/jenuka.de\/index.php?rest_route=\/wp\/v2\/types\/page"}],"author":[{"embeddable":true,"href":"https:\/\/jenuka.de\/index.php?rest_route=\/wp\/v2\/users\/1"}],"replies":[{"embeddable":true,"href":"https:\/\/jenuka.de\/index.php?rest_route=%2Fwp%2Fv2%2Fcomments&post=176"}],"version-history":[{"count":3,"href":"https:\/\/jenuka.de\/index.php?rest_route=\/wp\/v2\/pages\/176\/revisions"}],"predecessor-version":[{"id":233,"href":"https:\/\/jenuka.de\/index.php?rest_route=\/wp\/v2\/pages\/176\/revisions\/233"}],"wp:attachment":[{"href":"https:\/\/jenuka.de\/index.php?rest_route=%2Fwp%2Fv2%2Fmedia&parent=176"}],"curies":[{"name":"wp","href":"https:\/\/api.w.org\/{rel}","templated":true}]}}