{"id":175,"date":"2019-08-27T18:28:32","date_gmt":"2019-08-27T17:28:32","guid":{"rendered":"http:\/\/jenuka.de\/?page_id=175"},"modified":"2022-10-21T13:40:07","modified_gmt":"2022-10-21T12:40:07","slug":"impressum","status":"publish","type":"page","link":"https:\/\/jenuka.de\/?page_id=175","title":{"rendered":"IMPRESSUM"},"content":{"rendered":"\n<p class=\"has-contrast-2-color has-text-color\"><strong>Angaben gem\u00e4\u00df \u00a7 5 TMG:<\/strong><\/p>\n\n\n\n<p class=\"has-contrast-2-color has-text-color\">Jennifer Uka<br>\nHalker Zeile 126<br>\n12305 Berlin<\/p>\n\n\n\n<p class=\"has-contrast-2-color has-text-color\"><strong>Kontakt:<\/strong><\/p>\n\n\n\n<p class=\"has-contrast-2-color has-text-color\">Telefon: +49 30 32 59 22 16<br>\nTelefax: +49 30 32 59 22 17<br>\nE-Mail: info@jenuka.de<\/p>\n\n\n\n<p class=\"has-contrast-2-color has-text-color\"><strong>Umsatzsteuer:<\/strong><\/p>\n\n\n\n<p class=\"has-contrast-2-color has-text-color\">Umsatzsteuer-Identifikationsnummer gem\u00e4\u00df \u00a727 a Umsatzsteuergesetz: DE267266258<\/p>\n\n\n\n<p class=\"has-contrast-2-color has-text-color\"><strong>Angaben zur Berufshaftpflichtversicherung<\/strong><\/p>\n\n\n\n<p class=\"has-contrast-2-color has-text-color\">Name und Sitz des Versicherers: <br>\nHDI Versicherung AG<br>\nBuchholzer Stra\u00dfe 98<br>\n30650 Hannover<\/p>\n\n\n\n<p class=\"has-contrast-2-color has-text-color\">Geltungsraum der Versicherung:<br>\nDeutschland<\/p>\n\n\n\n<p class=\"has-contrast-2-color has-text-color\"><strong>Streitschlichtung<\/strong><\/p>\n\n\n\n<p class=\"has-contrast-2-color has-text-color\">Wir sind nicht bereit oder verpflichtet, an Streitbeilegungsverfahren vor einer Verbraucherschlichtungsstelle teilzunehmen.<\/p>\n\n\n\n<p class=\"has-contrast-2-color has-text-color\"><strong>Haftung f\u00fcr Inhalte<\/strong><\/p>\n\n\n\n<p class=\"has-contrast-2-color has-text-color\">Als Diensteanbieter sind wir gem\u00e4\u00df \u00a7 7 Abs.1 TMG f\u00fcr eigene Inhalte auf diesen Seiten nach den allgemeinen Gesetzen verantwortlich. Nach \u00a7\u00a7 8 bis 10 TMG sind wir als Diensteanbieter jedoch nicht verpflichtet, \u00fcbermittelte oder gespeicherte fremde Informationen zu \u00fcberwachen oder nach Umst\u00e4nden zu forschen, die auf eine rechtswidrige T\u00e4tigkeit hinweisen.<\/p>\n\n\n\n<p class=\"has-contrast-2-color has-text-color\">Verpflichtungen zur Entfernung oder Sperrung der Nutzung von Informationen nach den allgemeinen Gesetzen bleiben hiervon unber\u00fchrt. Eine diesbez\u00fcgliche Haftung ist jedoch erst ab dem Zeitpunkt der Kenntnis einer konkreten Rechtsverletzung m\u00f6glich. Bei Bekanntwerden von entsprechenden Rechtsverletzungen werden wir diese Inhalte umgehend entfernen.<\/p>\n\n\n\n<p class=\"has-contrast-2-color has-text-color\"><strong>Haftung f\u00fcr Links<\/strong><\/p>\n\n\n\n<p class=\"has-contrast-2-color has-text-color\">Unser Angebot enth\u00e4lt Links zu externen Websites Dritter, auf deren Inhalte wir keinen Einfluss haben. Deshalb k\u00f6nnen wir f\u00fcr diese fremden Inhalte auch keine Gew\u00e4hr \u00fcbernehmen. F\u00fcr die Inhalte der verlinkten Seiten ist stets der jeweilige Anbieter oder Betreiber der Seiten verantwortlich. Die verlinkten Seiten wurden zum Zeitpunkt der Verlinkung auf m\u00f6gliche Rechtsverst\u00f6\u00dfe \u00fcberpr\u00fcft. Rechtswidrige Inhalte waren zum Zeitpunkt der Verlinkung nicht erkennbar.<\/p>\n\n\n\n<p class=\"has-contrast-2-color has-text-color\">Eine permanente inhaltliche Kontrolle der verlinkten Seiten ist jedoch ohne konkrete Anhaltspunkte einer Rechtsverletzung nicht zumutbar. Bei Bekanntwerden von Rechtsverletzungen werden wir derartige Links umgehend entfernen.<\/p>\n\n\n\n<p class=\"has-contrast-2-color has-text-color\"><strong>Urheberrecht<\/strong><\/p>\n\n\n\n<p class=\"has-contrast-2-color has-text-color\">Die durch die Seitenbetreiber erstellten Inhalte und Werke auf diesen Seiten unterliegen dem deutschen Urheberrecht. Die Vervielf\u00e4ltigung, Bearbeitung, Verbreitung und jede Art der Verwertung au\u00dferhalb der Grenzen des Urheberrechtes bed\u00fcrfen der schriftlichen Zustimmung des jeweiligen Autors bzw. Erstellers. Downloads und Kopien dieser Seite sind nur f\u00fcr den privaten, nicht kommerziellen Gebrauch gestattet.<\/p>\n\n\n\n<p class=\"has-contrast-2-color has-text-color\">Soweit die Inhalte auf dieser Seite nicht vom Betreiber erstellt wurden, werden die Urheberrechte Dritter beachtet. Insbesondere werden Inhalte Dritter als solche gekennzeichnet. Sollten Sie trotzdem auf eine Urheberrechtsverletzung aufmerksam werden, bitten wir um einen entsprechenden Hinweis. Bei Bekanntwerden von Rechtsverletzungen werden wir derartige Inhalte umgehend entfernen.<\/p>\n","protected":false},"excerpt":{"rendered":"<p>Angaben gem\u00e4\u00df \u00a7 5 TMG: Jennifer Uka Halker Zeile 126 12305 Berlin Kontakt: Telefon: +49 30 32 59 22 16 Telefax: +49 30 32 59 22 17 E-Mail: info@jenuka.de Umsatzsteuer: Umsatzsteuer-Identifikationsnummer gem\u00e4\u00df \u00a727 a Umsatzsteuergesetz: DE267266258 Angaben zur Berufshaftpflichtversicherung Name und Sitz des Versicherers: HDI Versicherung AG Buchholzer Stra\u00dfe 98 30650 Hannover Geltungsraum der Versicherung: &#8230; <a title=\"IMPRESSUM\" class=\"read-more\" href=\"https:\/\/jenuka.de\/?page_id=175\" aria-label=\"Mehr dazu unter IMPRESSUM\">Weiterlesen<\/a><\/p>\n","protected":false},"author":1,"featured_media":0,"parent":0,"menu_order":0,"comment_status":"closed","ping_status":"closed","template":"","meta":[],"_links":{"self":[{"href":"https:\/\/jenuka.de\/index.php?rest_route=\/wp\/v2\/pages\/175"}],"collection":[{"href":"https:\/\/jenuka.de\/index.php?rest_route=\/wp\/v2\/pages"}],"about":[{"href":"https:\/\/jenuka.de\/index.php?rest_route=\/wp\/v2\/types\/page"}],"author":[{"embeddable":true,"href":"https:\/\/jenuka.de\/index.php?rest_route=\/wp\/v2\/users\/1"}],"replies":[{"embeddable":true,"href":"https:\/\/jenuka.de\/index.php?rest_route=%2Fwp%2Fv2%2Fcomments&post=175"}],"version-history":[{"count":3,"href":"https:\/\/jenuka.de\/index.php?rest_route=\/wp\/v2\/pages\/175\/revisions"}],"predecessor-version":[{"id":234,"href":"https:\/\/jenuka.de\/index.php?rest_route=\/wp\/v2\/pages\/175\/revisions\/234"}],"wp:attachment":[{"href":"https:\/\/jenuka.de\/index.php?rest_route=%2Fwp%2Fv2%2Fmedia&parent=175"}],"curies":[{"name":"wp","href":"https:\/\/api.w.org\/{rel}","templated":true}]}}